{"id":2427,"date":"2023-09-10T20:34:33","date_gmt":"2023-09-11T00:34:33","guid":{"rendered":"https:\/\/eafitness.ca\/book-group-fitness-class-laval\/"},"modified":"2023-10-23T23:33:04","modified_gmt":"2023-10-24T03:33:04","slug":"reservation-cours-de-groupe","status":"publish","type":"page","link":"https:\/\/eafitness.ca\/fr\/reservation-cours-de-groupe\/","title":{"rendered":"Reservation cours de groupe"},"content":{"rendered":"<p>[et_pb_section fb_built=\u00a0\u00bb1&Prime; _builder_version=\u00a0\u00bb4.21.0&Prime; _module_preset=\u00a0\u00bbdefault\u00a0\u00bb custom_padding=\u00a0\u00bb16px|||||\u00a0\u00bb global_colors_info=\u00a0\u00bb{}\u00a0\u00bb][et_pb_row _builder_version=\u00a0\u00bb4.21.0&Prime; _module_preset=\u00a0\u00bbdefault\u00a0\u00bb global_colors_info=\u00a0\u00bb{}\u00a0\u00bb][et_pb_column type=\u00a0\u00bb4_4&Prime; _builder_version=\u00a0\u00bb4.21.0&Prime; _module_preset=\u00a0\u00bbdefault\u00a0\u00bb global_colors_info=\u00a0\u00bb{}\u00a0\u00bb][et_pb_text _builder_version=\u00a0\u00bb4.22.2&Prime; header_text_color=\u00a0\u00bb#ffffff\u00a0\u00bb header_2_font=\u00a0\u00bbOswald|900||on|||||\u00a0\u00bb header_2_text_color=\u00a0\u00bb#DA274E\u00a0\u00bb header_2_font_size=\u00a0\u00bb50px\u00a0\u00bb header_2_line_height=\u00a0\u00bb1.2em\u00a0\u00bb text_orientation=\u00a0\u00bbcenter\u00a0\u00bb custom_margin=\u00a0\u00bb3px||10px||false|false\u00a0\u00bb custom_padding=\u00a0\u00bb||0px|||\u00a0\u00bb hover_enabled=\u00a0\u00bb0&Prime; header_2_font_size_tablet=\u00a0\u00bb32px\u00a0\u00bb header_2_font_size_phone=\u00a0\u00bb21px\u00a0\u00bb header_2_font_size_last_edited=\u00a0\u00bbon|phone\u00a0\u00bb locked=\u00a0\u00bboff\u00a0\u00bb global_colors_info=\u00a0\u00bb{}\u00a0\u00bb sticky_enabled=\u00a0\u00bb0&Prime;]<\/p>\n<h2 style=\"text-align: center;\">R\u00e9servez un cours de groupe<\/h2>\n<p>[\/et_pb_text][et_pb_text content_tablet=\u00a0\u00bb<\/p>\n<p>The fitness consultation will last 60 minutes, and there is a non-refundable cost of $40 dollars. Please arrive in gym attire and bring a towel.<\/p>\n<p>If you need to reschedule, please call 514-814-4183.<\/p>\n<p>\u00a0\u00bb content_phone=\u00a0\u00bb<\/p>\n<p style=%22text-align: left;%22>The fitness consultation will last 60 minutes, and there is a non-refundable cost of $40 dollars. Please arrive in gym attire and bring a towel.<\/p>\n<p style=%22text-align: left;%22>If you need to reschedule, please call 514-814-4183.<\/p>\n<p>\u00a0\u00bb content_last_edited=\u00a0\u00bboff|tablet\u00a0\u00bb _builder_version=\u00a0\u00bb4.22.2&Prime; text_font=\u00a0\u00bbOswald|300|||||||\u00a0\u00bb text_text_color=\u00a0\u00bb#000000&Prime; text_font_size=\u00a0\u00bb18px\u00a0\u00bb text_line_height=\u00a0\u00bb1.6em\u00a0\u00bb header_text_color=\u00a0\u00bb#ffffff\u00a0\u00bb header_2_font=\u00a0\u00bbOswald|900||on|||||\u00a0\u00bb header_2_text_color=\u00a0\u00bb#DA274E\u00a0\u00bb header_2_font_size=\u00a0\u00bb50px\u00a0\u00bb header_2_line_height=\u00a0\u00bb1.2em\u00a0\u00bb text_orientation=\u00a0\u00bbcenter\u00a0\u00bb custom_margin=\u00a0\u00bb3px||18px||false|false\u00a0\u00bb custom_padding=\u00a0\u00bb2px||10px|||\u00a0\u00bb hover_enabled=\u00a0\u00bb0&Prime; text_font_size_tablet=\u00a0\u00bb\u00a0\u00bb text_font_size_phone=\u00a0\u00bb\u00a0\u00bb text_font_size_last_edited=\u00a0\u00bbon|phone\u00a0\u00bb header_2_font_size_tablet=\u00a0\u00bb32px\u00a0\u00bb header_2_font_size_phone=\u00a0\u00bb31px\u00a0\u00bb header_2_font_size_last_edited=\u00a0\u00bbon|phone\u00a0\u00bb text_orientation_tablet=\u00a0\u00bbcenter\u00a0\u00bb text_orientation_phone=\u00a0\u00bbleft\u00a0\u00bb text_orientation_last_edited=\u00a0\u00bbon|phone\u00a0\u00bb locked=\u00a0\u00bboff\u00a0\u00bb global_colors_info=\u00a0\u00bb{}\u00a0\u00bb sticky_enabled=\u00a0\u00bb0&Prime;]<\/p>\n<p><strong>Ce syst\u00e8me de r\u00e9servation est exclusivement r\u00e9serv\u00e9 aux clients existants d&rsquo;EA Fitness. Si vous souhaitez prendre rendez-vous pour une consultation, veuillez <a href=\"https:\/\/eafitness.ca\/fr\/consultation\/\">cliquer ici<\/a>.<\/strong><\/p>\n<p>[\/et_pb_text][et_pb_code _builder_version=\u00a0\u00bb4.21.0&Prime; _module_preset=\u00a0\u00bbdefault\u00a0\u00bb global_colors_info=\u00a0\u00bb{}\u00a0\u00bb]<script src=\"https:\/\/widgets.mindbodyonline.com\/javascripts\/healcode.js\" type=\"text\/javascript\"><\/script><!-- [et_pb_line_break_holder] --><healcode-widget data-type=\"class_lists\" data-widget-partner=\"object\" data-widget-id=\"53735245be9\" data-widget-version=\"0\" ><\/healcode-widget>[\/et_pb_code][\/et_pb_column][\/et_pb_row][\/et_pb_section]<\/p>\n","protected":false},"excerpt":{"rendered":"<p>R\u00e9servez un cours de groupeCe syst\u00e8me de r\u00e9servation est exclusivement r\u00e9serv\u00e9 aux clients existants d&rsquo;EA Fitness. Si vous souhaitez prendre rendez-vous pour une consultation, veuillez cliquer ici.<\/p>\n","protected":false},"author":1,"featured_media":0,"parent":0,"menu_order":0,"comment_status":"closed","ping_status":"closed","template":"","meta":{"_et_pb_use_builder":"on","_et_pb_old_content":"","_et_gb_content_width":"","footnotes":""},"class_list":["post-2427","page","type-page","status-publish","hentry"],"jetpack_sharing_enabled":true,"_links":{"self":[{"href":"https:\/\/eafitness.ca\/fr\/wp-json\/wp\/v2\/pages\/2427","targetHints":{"allow":["GET"]}}],"collection":[{"href":"https:\/\/eafitness.ca\/fr\/wp-json\/wp\/v2\/pages"}],"about":[{"href":"https:\/\/eafitness.ca\/fr\/wp-json\/wp\/v2\/types\/page"}],"author":[{"embeddable":true,"href":"https:\/\/eafitness.ca\/fr\/wp-json\/wp\/v2\/users\/1"}],"replies":[{"embeddable":true,"href":"https:\/\/eafitness.ca\/fr\/wp-json\/wp\/v2\/comments?post=2427"}],"version-history":[{"count":8,"href":"https:\/\/eafitness.ca\/fr\/wp-json\/wp\/v2\/pages\/2427\/revisions"}],"predecessor-version":[{"id":2437,"href":"https:\/\/eafitness.ca\/fr\/wp-json\/wp\/v2\/pages\/2427\/revisions\/2437"}],"wp:attachment":[{"href":"https:\/\/eafitness.ca\/fr\/wp-json\/wp\/v2\/media?parent=2427"}],"curies":[{"name":"wp","href":"https:\/\/api.w.org\/{rel}","templated":true}]}}